{"id":140,"date":"2020-05-04T11:08:04","date_gmt":"2020-05-04T11:08:04","guid":{"rendered":"https:\/\/la-curie.org\/?page_id=140"},"modified":"2020-05-04T11:08:32","modified_gmt":"2020-05-04T11:08:32","slug":"compagnie-408-hamlet-safari","status":"publish","type":"page","link":"https:\/\/la-curie.org\/?page_id=140","title":{"rendered":"Compagnie 408 &#8211; Hamlet Safari"},"content":{"rendered":"<p><strong>Th\u00e9\u00e2tre \/ Performance<\/strong><br \/>\n<strong>D\u2019apr\u00e8s Shakespeare<\/strong><br \/>\n<strong>Conception et mise en sc\u00e8ne<\/strong><br \/>\n<strong>Etienne Blanc<\/strong><br \/>\n<strong>Avec: Flavien Bellec, Un spectateur, Un spectateur, Un spectateur, Etc&#8230;<\/strong><br \/>\n<strong>Cr\u00e9ation plastique: Ana\u00efs Van Overbeck<\/strong><br \/>\n<strong>Collaboration artistique: Harrison Ar\u00e9valo<\/strong><br \/>\n<strong>Administration, production: Agathe Perrault<\/strong><\/p>\n<p><img loading=\"lazy\" decoding=\"async\" class=\"alignnone wp-image-142\" src=\"https:\/\/la-curie.org\/wp-content\/uploads\/2020\/05\/Visuelok_HamletSafari-300x180.jpg\" alt=\"\" width=\"492\" height=\"295\" srcset=\"https:\/\/la-curie.org\/wp-content\/uploads\/2020\/05\/Visuelok_HamletSafari-300x180.jpg 300w, https:\/\/la-curie.org\/wp-content\/uploads\/2020\/05\/Visuelok_HamletSafari-1024x614.jpg 1024w, https:\/\/la-curie.org\/wp-content\/uploads\/2020\/05\/Visuelok_HamletSafari-768x461.jpg 768w, https:\/\/la-curie.org\/wp-content\/uploads\/2020\/05\/Visuelok_HamletSafari.jpg 1300w\" sizes=\"(max-width: 492px) 100vw, 492px\" \/><\/p>\n<p>Le spectacle commence par l\u2019absence du spectacle.<br \/>\nLa machinerie tourne \u00e0 vide : lumi\u00e8res, musique, fum\u00e9e, rien.<br \/>\nPas d\u2019acteurs.<br \/>\nUn spectateur monte sur le plateau.<br \/>\nGuid\u00e9 par t\u00e9l\u00e9phone, il commence \u00e0 jouer.<br \/>\nIl devient le \u00abspectateur\/Hamlet\u00bb.<br \/>\nMais le t\u00e9l\u00e9phone coupe.<br \/>\nLe \u00abspectateur\/Hamlet\u00bb est hors de contr\u00f4le.<br \/>\nLe dispositif th\u00e9\u00e2tral tente alors par tous les moyens de reprendre le contr\u00f4le sur la repr\u00e9sentation.<br \/>\nD\u2019autres spectateurs sont appel\u00e9s successivement pour int\u00e9grer la sc\u00e8ne et int\u00e9ragir avec le \u00abspectateur\/Hamlet\u00bb. Ils deviennent \u00e0 leur tour le \u00abspectateur\/Oph\u00e9lie\u00bb, le \u00abr\u00e9gisseur\/Polonius\u00bb, l\u2019\u00abouvreur\/Claudius\u00bb, l\u2019\u00abintrus\/Laertes\u00bb, le \u00abmachiniste\/fant\u00f4me\u00bb, le \u00abdramaturge\/Horatio\u00bb et sont entra\u00een\u00e9s dans une succession de s\u00e9quences o\u00f9 leurs actes d\u00e9termineront l\u2019avanc\u00e9e du spectacle.<br \/>\nDans cette dramaturgie de l\u2019accident, deux issues sont possibles : la destruction du spectacle, ou la mise \u00e0 mort du \u00abspectateur\/Hamlet\u00bb.<br \/>\nIl y aura des cris, des larmes, du sang, des morts, de la peinture, une grosse \u00e9ponge, des drones, et des t\u00e9l\u00e9phones portables.<br \/>\n\u00abLe reste, c\u2019est silence.\u00bb<\/p>\n<p><strong><em>En r\u00e9sidence \u00e0 la Curie en octobre 2019.<\/em><\/strong><\/p>\n","protected":false},"excerpt":{"rendered":"<p>Th\u00e9\u00e2tre \/ Performance D\u2019apr\u00e8s Shakespeare Conception et mise en sc\u00e8ne Etienne Blanc Avec: Flavien Bellec, Un spectateur, Un spectateur, Un spectateur, Etc&#8230; Cr\u00e9ation plastique: Ana\u00efs Van Overbeck Collaboration artistique: Harrison Ar\u00e9valo Administration, production: Agathe Perrault Le spectacle commence par l\u2019absence du spectacle. La machinerie tourne \u00e0 vide : lumi\u00e8res, musique, fum\u00e9e, rien. Pas d\u2019acteurs. Un &hellip; <\/p>\n<p class=\"link-more\"><a href=\"https:\/\/la-curie.org\/?page_id=140\" class=\"more-link\">Continuer la lecture<span class=\"screen-reader-text\"> de &laquo;&nbsp;Compagnie 408 &#8211; Hamlet Safari&nbsp;&raquo;<\/span><\/a><\/p>\n","protected":false},"author":1,"featured_media":0,"parent":0,"menu_order":0,"comment_status":"closed","ping_status":"closed","template":"","meta":{"footnotes":""},"_links":{"self":[{"href":"https:\/\/la-curie.org\/index.php?rest_route=\/wp\/v2\/pages\/140"}],"collection":[{"href":"https:\/\/la-curie.org\/index.php?rest_route=\/wp\/v2\/pages"}],"about":[{"href":"https:\/\/la-curie.org\/index.php?rest_route=\/wp\/v2\/types\/page"}],"author":[{"embeddable":true,"href":"https:\/\/la-curie.org\/index.php?rest_route=\/wp\/v2\/users\/1"}],"replies":[{"embeddable":true,"href":"https:\/\/la-curie.org\/index.php?rest_route=%2Fwp%2Fv2%2Fcomments&post=140"}],"version-history":[{"count":2,"href":"https:\/\/la-curie.org\/index.php?rest_route=\/wp\/v2\/pages\/140\/revisions"}],"predecessor-version":[{"id":145,"href":"https:\/\/la-curie.org\/index.php?rest_route=\/wp\/v2\/pages\/140\/revisions\/145"}],"wp:attachment":[{"href":"https:\/\/la-curie.org\/index.php?rest_route=%2Fwp%2Fv2%2Fmedia&parent=140"}],"curies":[{"name":"wp","href":"https:\/\/api.w.org\/{rel}","templated":true}]}}