{"id":147,"date":"2020-05-04T11:26:29","date_gmt":"2020-05-04T11:26:29","guid":{"rendered":"https:\/\/la-curie.org\/?page_id=147"},"modified":"2020-05-04T11:26:56","modified_gmt":"2020-05-04T11:26:56","slug":"les-libres-etendues-a-mes-belles-endormies","status":"publish","type":"page","link":"https:\/\/la-curie.org\/?page_id=147","title":{"rendered":"Les Libres \u00e9tendues &#8211; A mes belles endormies"},"content":{"rendered":"<p><strong>Mise en sc\u00e8ne: Esther Meunier Corfdyr<\/strong><br \/>\n<strong>Avec: Giuseppina Comito et Amandine Grousson<\/strong><br \/>\n<strong>Texte: Thibaut Kuttler<\/strong><br \/>\n<strong>Photographie: Emmanuel Fleury<\/strong><\/p>\n<p><img loading=\"lazy\" decoding=\"async\" class=\"alignnone size-medium wp-image-148\" src=\"https:\/\/la-curie.org\/wp-content\/uploads\/2020\/05\/A-mes-belles-endormies-300x250.png\" alt=\"\" width=\"300\" height=\"250\" srcset=\"https:\/\/la-curie.org\/wp-content\/uploads\/2020\/05\/A-mes-belles-endormies-300x250.png 300w, https:\/\/la-curie.org\/wp-content\/uploads\/2020\/05\/A-mes-belles-endormies.png 600w\" sizes=\"(max-width: 300px) 100vw, 300px\" \/><\/p>\n<p>A mes belles endormies est un duo de danse-th\u00e9\u00e2tre explorant la vie du corps endormi. Le sommeil nous conduit quelque part : vers les paradoxes et les possibles. C\u2019est ce sentier que nous voulons emprunter.<\/p>\n<p>Bien que quotidienne, l\u2019exp\u00e9rience du sommeil demeure \u00e9trange ; elle est l\u2019un des derniers seuils, l\u2019une des derni\u00e8res \u00e9chapp\u00e9es restantes. O\u00f9 qu\u2019il dorme, l\u2019endormi s\u2019engage dans un espace myst\u00e9rieux qui est aussi un espace de libert\u00e9 : l\u00e0 o\u00f9 s\u2019affirme un refus et un ordre distinct de celui de la veille.<\/p>\n<p>Nous appr\u00e9hendons le sommeil comme un lieu m\u00e9taphorique. Partant d\u2019un travail photographique documentaire, le spectacle invite \u00e0 une plong\u00e9e depuis l\u2019enveloppe du dormeur, quelles que soient ses conditions de sommeil, jusqu\u2019\u00e0 son int\u00e9riorit\u00e9. Les interpr\u00e8tes dansent dans un intervalle pr\u00e9cis : celui du passage du sommeil paradoxal \u2014 durant lequel le corps, atone en apparence, abrite le d\u00e9cha\u00eenement \u00e9nerg\u00e9tique du cerveau et des visc\u00e8res \u2014 aux images du r\u00eave.<\/p>\n<p>Le sommeil est pour nous un promontoire depuis lequel d\u2019autres possibles se r\u00e9v\u00e8lent. De la chambre noire aux images du r\u00eave, dans cette interzone des transformations peut s\u2019\u00e9panouir un espace po\u00e9tique en m\u00eame temps qu\u2019une r\u00e9flexion sur nos quotidiens et la place que nous conc\u00e9dons \u00e0 nos vies int\u00e9rieures.<\/p>\n<p><strong><em>En r\u00e9sidence \u00e0 la Curie en novembre 2019.\u00a0<\/em><\/strong><\/p>\n","protected":false},"excerpt":{"rendered":"<p>Mise en sc\u00e8ne: Esther Meunier Corfdyr Avec: Giuseppina Comito et Amandine Grousson Texte: Thibaut Kuttler Photographie: Emmanuel Fleury A mes belles endormies est un duo de danse-th\u00e9\u00e2tre explorant la vie du corps endormi. Le sommeil nous conduit quelque part : vers les paradoxes et les possibles. C\u2019est ce sentier que nous voulons emprunter. Bien que &hellip; <\/p>\n<p class=\"link-more\"><a href=\"https:\/\/la-curie.org\/?page_id=147\" class=\"more-link\">Continuer la lecture<span class=\"screen-reader-text\"> de &laquo;&nbsp;Les Libres \u00e9tendues &#8211; A mes belles endormies&nbsp;&raquo;<\/span><\/a><\/p>\n","protected":false},"author":1,"featured_media":0,"parent":0,"menu_order":0,"comment_status":"closed","ping_status":"closed","template":"","meta":{"footnotes":""},"_links":{"self":[{"href":"https:\/\/la-curie.org\/index.php?rest_route=\/wp\/v2\/pages\/147"}],"collection":[{"href":"https:\/\/la-curie.org\/index.php?rest_route=\/wp\/v2\/pages"}],"about":[{"href":"https:\/\/la-curie.org\/index.php?rest_route=\/wp\/v2\/types\/page"}],"author":[{"embeddable":true,"href":"https:\/\/la-curie.org\/index.php?rest_route=\/wp\/v2\/users\/1"}],"replies":[{"embeddable":true,"href":"https:\/\/la-curie.org\/index.php?rest_route=%2Fwp%2Fv2%2Fcomments&post=147"}],"version-history":[{"count":2,"href":"https:\/\/la-curie.org\/index.php?rest_route=\/wp\/v2\/pages\/147\/revisions"}],"predecessor-version":[{"id":151,"href":"https:\/\/la-curie.org\/index.php?rest_route=\/wp\/v2\/pages\/147\/revisions\/151"}],"wp:attachment":[{"href":"https:\/\/la-curie.org\/index.php?rest_route=%2Fwp%2Fv2%2Fmedia&parent=147"}],"curies":[{"name":"wp","href":"https:\/\/api.w.org\/{rel}","templated":true}]}}