{"id":156,"date":"2020-05-04T11:56:18","date_gmt":"2020-05-04T11:56:18","guid":{"rendered":"https:\/\/la-curie.org\/?page_id=156"},"modified":"2020-05-04T11:57:01","modified_gmt":"2020-05-04T11:57:01","slug":"collectif-lhostellerie-de-pontempeyrat-l-a-f-e-m-m-e-f-o-l-l-e-et-lhomme-raisonnable","status":"publish","type":"page","link":"https:\/\/la-curie.org\/?page_id=156","title":{"rendered":"Collectif l&rsquo;Hostellerie de Pontempeyrat &#8211; L a f e m m e f o l l e et l\u2019homme raisonnable"},"content":{"rendered":"<p><strong>Un texte d&rsquo;Albertine Villain-Guimmara<\/strong><\/p>\n<p><strong>Une cr\u00e9ation Franco-chinoise: L\u2019Hostellerie de Pontempeyrat bas\u00e9 \u00e0 Pontempeyrat, dirig\u00e9 par Alexandre Del Perugia<\/strong><br \/>\n<strong>Avec : Marion Noone, Anaelle Tribout Dubois, Zelda Bourquin, Lingxia Zhou, Albertine Villain-Guimmara<\/strong><\/p>\n<p><img loading=\"lazy\" decoding=\"async\" class=\"alignnone wp-image-157\" src=\"https:\/\/la-curie.org\/wp-content\/uploads\/2020\/05\/La-femme-folle-300x300.png\" alt=\"\" width=\"399\" height=\"399\" srcset=\"https:\/\/la-curie.org\/wp-content\/uploads\/2020\/05\/La-femme-folle-300x300.png 300w, https:\/\/la-curie.org\/wp-content\/uploads\/2020\/05\/La-femme-folle-1024x1024.png 1024w, https:\/\/la-curie.org\/wp-content\/uploads\/2020\/05\/La-femme-folle-150x150.png 150w, https:\/\/la-curie.org\/wp-content\/uploads\/2020\/05\/La-femme-folle-768x768.png 768w, https:\/\/la-curie.org\/wp-content\/uploads\/2020\/05\/La-femme-folle-100x100.png 100w, https:\/\/la-curie.org\/wp-content\/uploads\/2020\/05\/La-femme-folle.png 1080w\" sizes=\"(max-width: 399px) 100vw, 399px\" \/><\/p>\n<p>Quatre femmes mythiques prennent la parole des milliers d\u2019ann\u00e9es apr\u00e8s leurs trag\u00e9dies respectives : M\u00e9d\u00e9e, Ariane, Ph\u00e8dre et Didon.<br \/>\nMaintenant que leur drame est derri\u00e8re elle, que leur reste-t-il \u00e0 dire ?<br \/>\nToutes les quatre r\u00e9unies dans un espace-temps ind\u00e9fini, elle prennent successivement la parole apr\u00e8s plus de deux mille ann\u00e9es de silence, pour tenter de r\u00e9pondre\u2026 Des milliers d\u2019ann\u00e9es \u00e0 dig\u00e9rer d\u00e9sillusions et trahisons, \u00e0 observer en silence le monde se transformer. Des milliers d\u2019ann\u00e9es d\u2019enfermement et de solitude. Enfin sollicit\u00e9es, enfin plac\u00e9es \u00e0 nouveau au centre de l\u2019attention, elles se lancent, s\u2019\u00e9coutent, s\u2019interrogent, se jaugent, se r\u00e9pondent, lib\u00e9r\u00e9es du joug de leur origine mythologique patriarcale.<\/p>\n<p>Une 5\u00e8me femme, elle contemporaine, surgit au milieu de l\u2019histoire.<\/p>\n<p>Sa prise de parole, qui vise \u00e0 expliquer dans le cadre d\u2019un \u00e9change avec le public, son int\u00e9r\u00eat pour ces femmes, le lien qu\u2019elle fait avec notre monde contemporain et son par- pris f\u00e9ministe, d\u00e9g\u00e9n\u00e8re en adaque violente contre les hommes blancs h\u00e9t\u00e9rosexuels, contre les femmes qui collaborent : elle ne se contr\u00f4le plus. Le fond de sa pens\u00e9e est noir, la haine est tout ce qui lui reste.<\/p>\n<p>Deux mondes, deux \u00e9poques \u00e9prouv\u00e9es par le f\u00e9minin. 5 histoires de femmes qui entrent alors en r\u00e9sonance au point de devoir faire taire l\u2019une d\u2019entre elle.<\/p>\n<p><strong><em>En r\u00e9sidence \u00e0 la Curie en f\u00e9vrier et mars 2020.<\/em><\/strong><\/p>\n","protected":false},"excerpt":{"rendered":"<p>Un texte d&rsquo;Albertine Villain-Guimmara Une cr\u00e9ation Franco-chinoise: L\u2019Hostellerie de Pontempeyrat bas\u00e9 \u00e0 Pontempeyrat, dirig\u00e9 par Alexandre Del Perugia Avec : Marion Noone, Anaelle Tribout Dubois, Zelda Bourquin, Lingxia Zhou, Albertine Villain-Guimmara Quatre femmes mythiques prennent la parole des milliers d\u2019ann\u00e9es apr\u00e8s leurs trag\u00e9dies respectives : M\u00e9d\u00e9e, Ariane, Ph\u00e8dre et Didon. Maintenant que leur drame est &hellip; <\/p>\n<p class=\"link-more\"><a href=\"https:\/\/la-curie.org\/?page_id=156\" class=\"more-link\">Continuer la lecture<span class=\"screen-reader-text\"> de &laquo;&nbsp;Collectif l&rsquo;Hostellerie de Pontempeyrat &#8211; L a f e m m e f o l l e et l\u2019homme raisonnable&nbsp;&raquo;<\/span><\/a><\/p>\n","protected":false},"author":1,"featured_media":0,"parent":0,"menu_order":0,"comment_status":"closed","ping_status":"closed","template":"","meta":{"footnotes":""},"_links":{"self":[{"href":"https:\/\/la-curie.org\/index.php?rest_route=\/wp\/v2\/pages\/156"}],"collection":[{"href":"https:\/\/la-curie.org\/index.php?rest_route=\/wp\/v2\/pages"}],"about":[{"href":"https:\/\/la-curie.org\/index.php?rest_route=\/wp\/v2\/types\/page"}],"author":[{"embeddable":true,"href":"https:\/\/la-curie.org\/index.php?rest_route=\/wp\/v2\/users\/1"}],"replies":[{"embeddable":true,"href":"https:\/\/la-curie.org\/index.php?rest_route=%2Fwp%2Fv2%2Fcomments&post=156"}],"version-history":[{"count":2,"href":"https:\/\/la-curie.org\/index.php?rest_route=\/wp\/v2\/pages\/156\/revisions"}],"predecessor-version":[{"id":160,"href":"https:\/\/la-curie.org\/index.php?rest_route=\/wp\/v2\/pages\/156\/revisions\/160"}],"wp:attachment":[{"href":"https:\/\/la-curie.org\/index.php?rest_route=%2Fwp%2Fv2%2Fmedia&parent=156"}],"curies":[{"name":"wp","href":"https:\/\/api.w.org\/{rel}","templated":true}]}}