{"id":161,"date":"2020-05-04T12:08:53","date_gmt":"2020-05-04T12:08:53","guid":{"rendered":"https:\/\/la-curie.org\/?page_id=161"},"modified":"2020-05-04T12:08:53","modified_gmt":"2020-05-04T12:08:53","slug":"benjamin-perez-dorian-chavez-requiem-pour-pessoa","status":"publish","type":"page","link":"https:\/\/la-curie.org\/?page_id=161","title":{"rendered":"Benjamin Perez &#038; Dorian Chavez &#8211; Requiem pour Pessoa"},"content":{"rendered":"<p><strong>Avec Benjamin Perez, Dorian Ch\u00e1vez<\/strong><\/p>\n<p><strong>Mise en sc\u00e8ne et Chor\u00e9graphie: Dorian Ch\u00e1vez, Benjamin Perez<\/strong><\/p>\n<p><img loading=\"lazy\" decoding=\"async\" class=\"alignnone  wp-image-163\" src=\"https:\/\/la-curie.org\/wp-content\/uploads\/2020\/05\/visuel-pessoa-212x300.jpg\" alt=\"\" width=\"291\" height=\"412\" srcset=\"https:\/\/la-curie.org\/wp-content\/uploads\/2020\/05\/visuel-pessoa-212x300.jpg 212w, https:\/\/la-curie.org\/wp-content\/uploads\/2020\/05\/visuel-pessoa-724x1024.jpg 724w, https:\/\/la-curie.org\/wp-content\/uploads\/2020\/05\/visuel-pessoa-768x1086.jpg 768w, https:\/\/la-curie.org\/wp-content\/uploads\/2020\/05\/visuel-pessoa.jpg 842w\" sizes=\"(max-width: 291px) 100vw, 291px\" \/><\/p>\n<p>Un voyageur s&rsquo;endort dans un vieil appartement. Dans son r\u00eave, tout devient<br \/>\npossible. Les rencontres les plus surr\u00e9alistes s&rsquo;encha\u00eenent dans une<br \/>\nLisbonne imaginaire, o\u00f9 les personnages du pr\u00e9sent croisent les fant\u00f4mes du<br \/>\npass\u00e9 et les personnalit\u00e9s se d\u00e9doublent.<\/p>\n<p>*Requiem pour Pessoa* est une d\u00e9ambulation th\u00e9\u00e2trale, po\u00e9tique et<br \/>\nchor\u00e9graphique, une qu\u00eate hallucin\u00e9e \u00e0 la recherche d&rsquo;un des plus grands<br \/>\npo\u00e8tes du XX\u00e8me si\u00e8cle, Fernando Pessoa.<\/p>\n<p><strong><em>En r\u00e9sidence \u00e0 la Curie en f\u00e9vrier et mars 2020.<\/em><\/strong><\/p>\n","protected":false},"excerpt":{"rendered":"<p>Avec Benjamin Perez, Dorian Ch\u00e1vez Mise en sc\u00e8ne et Chor\u00e9graphie: Dorian Ch\u00e1vez, Benjamin Perez Un voyageur s&rsquo;endort dans un vieil appartement. Dans son r\u00eave, tout devient possible. Les rencontres les plus surr\u00e9alistes s&rsquo;encha\u00eenent dans une Lisbonne imaginaire, o\u00f9 les personnages du pr\u00e9sent croisent les fant\u00f4mes du pass\u00e9 et les personnalit\u00e9s se d\u00e9doublent. *Requiem pour Pessoa* &hellip; <\/p>\n<p class=\"link-more\"><a href=\"https:\/\/la-curie.org\/?page_id=161\" class=\"more-link\">Continuer la lecture<span class=\"screen-reader-text\"> de &laquo;&nbsp;Benjamin Perez &#038; Dorian Chavez &#8211; Requiem pour Pessoa&nbsp;&raquo;<\/span><\/a><\/p>\n","protected":false},"author":1,"featured_media":0,"parent":0,"menu_order":0,"comment_status":"closed","ping_status":"closed","template":"","meta":{"footnotes":""},"_links":{"self":[{"href":"https:\/\/la-curie.org\/index.php?rest_route=\/wp\/v2\/pages\/161"}],"collection":[{"href":"https:\/\/la-curie.org\/index.php?rest_route=\/wp\/v2\/pages"}],"about":[{"href":"https:\/\/la-curie.org\/index.php?rest_route=\/wp\/v2\/types\/page"}],"author":[{"embeddable":true,"href":"https:\/\/la-curie.org\/index.php?rest_route=\/wp\/v2\/users\/1"}],"replies":[{"embeddable":true,"href":"https:\/\/la-curie.org\/index.php?rest_route=%2Fwp%2Fv2%2Fcomments&post=161"}],"version-history":[{"count":2,"href":"https:\/\/la-curie.org\/index.php?rest_route=\/wp\/v2\/pages\/161\/revisions"}],"predecessor-version":[{"id":165,"href":"https:\/\/la-curie.org\/index.php?rest_route=\/wp\/v2\/pages\/161\/revisions\/165"}],"wp:attachment":[{"href":"https:\/\/la-curie.org\/index.php?rest_route=%2Fwp%2Fv2%2Fmedia&parent=161"}],"curies":[{"name":"wp","href":"https:\/\/api.w.org\/{rel}","templated":true}]}}