{"id":169,"date":"2020-05-04T12:13:25","date_gmt":"2020-05-04T12:13:25","guid":{"rendered":"https:\/\/la-curie.org\/?page_id=169"},"modified":"2020-05-04T12:13:25","modified_gmt":"2020-05-04T12:13:25","slug":"compagnie-meta-marsyas","status":"publish","type":"page","link":"https:\/\/la-curie.org\/?page_id=169","title":{"rendered":"Compagnie Meta &#8211; Marsyas"},"content":{"rendered":"<p><strong>Conception \/ Flora Gaudin<\/strong><br \/>\n<strong>Cr\u00e9ation danse et violoncelle \/ Marion Rh\u00e9ty et Flora Gaudin<\/strong><br \/>\n<strong>Cr\u00e9ation sonore et guitare pr\u00e9par\u00e9e \/ Richard Comte<\/strong><\/p>\n<p><img loading=\"lazy\" decoding=\"async\" class=\"alignnone  wp-image-170\" src=\"https:\/\/la-curie.org\/wp-content\/uploads\/2020\/05\/marsyas5-300x240.jpg\" alt=\"\" width=\"476\" height=\"381\" srcset=\"https:\/\/la-curie.org\/wp-content\/uploads\/2020\/05\/marsyas5-300x240.jpg 300w, https:\/\/la-curie.org\/wp-content\/uploads\/2020\/05\/marsyas5-768x614.jpg 768w, https:\/\/la-curie.org\/wp-content\/uploads\/2020\/05\/marsyas5.jpg 960w\" sizes=\"(max-width: 476px) 100vw, 476px\" \/><\/p>\n<p>Marsyas est une pi\u00e8ce chor\u00e9graphique et sonore pour deux danseuses, un violoncelle et un guitariste.<br \/>\nSur sc\u00e8ne, les danseuses et le violoncelle sont enchev\u00eatr\u00e9s, simultan\u00e9ment g\u00e9n\u00e9rateurs de son et de mouvement. \u00c0 trois, ils construisent un corps composite dont l\u2019\u00e9quilibre de chacun d\u00e9pend de celui des autres. C\u2019est dans un dialogue sensible entre les masses que naissent et disparaissent lentement les formes.<br \/>\nEn mouvement, le violoncelle est pens\u00e9 comme une prolongation des corps dansant, le son est le produit de leurs interactions. Il est une projection des corps, une continuit\u00e9 spatiale de ses efforts. Les partitions chor\u00e9graphiques et sonores s\u2019entrelacent. Il n\u2019y a plus de \u00ab\u00a0leader\u00a0\u00bb. Comment s\u2019adapter\u00a0? Qui est stable\u00a0? Qui est fragile\u00a0? La question de la relation surgit dans le dialogue des corps, des sources, des mati\u00e8res et m\u00e9dias diff\u00e9rents.<\/p>\n<p><strong><em>En r\u00e9sidence \u00e0 la Curie en octobre 2019.\u00a0<\/em><\/strong><\/p>\n","protected":false},"excerpt":{"rendered":"<p>Conception \/ Flora Gaudin Cr\u00e9ation danse et violoncelle \/ Marion Rh\u00e9ty et Flora Gaudin Cr\u00e9ation sonore et guitare pr\u00e9par\u00e9e \/ Richard Comte Marsyas est une pi\u00e8ce chor\u00e9graphique et sonore pour deux danseuses, un violoncelle et un guitariste. Sur sc\u00e8ne, les danseuses et le violoncelle sont enchev\u00eatr\u00e9s, simultan\u00e9ment g\u00e9n\u00e9rateurs de son et de mouvement. \u00c0 trois, &hellip; <\/p>\n<p class=\"link-more\"><a href=\"https:\/\/la-curie.org\/?page_id=169\" class=\"more-link\">Continuer la lecture<span class=\"screen-reader-text\"> de &laquo;&nbsp;Compagnie Meta &#8211; Marsyas&nbsp;&raquo;<\/span><\/a><\/p>\n","protected":false},"author":1,"featured_media":0,"parent":0,"menu_order":0,"comment_status":"closed","ping_status":"closed","template":"","meta":{"footnotes":""},"_links":{"self":[{"href":"https:\/\/la-curie.org\/index.php?rest_route=\/wp\/v2\/pages\/169"}],"collection":[{"href":"https:\/\/la-curie.org\/index.php?rest_route=\/wp\/v2\/pages"}],"about":[{"href":"https:\/\/la-curie.org\/index.php?rest_route=\/wp\/v2\/types\/page"}],"author":[{"embeddable":true,"href":"https:\/\/la-curie.org\/index.php?rest_route=\/wp\/v2\/users\/1"}],"replies":[{"embeddable":true,"href":"https:\/\/la-curie.org\/index.php?rest_route=%2Fwp%2Fv2%2Fcomments&post=169"}],"version-history":[{"count":1,"href":"https:\/\/la-curie.org\/index.php?rest_route=\/wp\/v2\/pages\/169\/revisions"}],"predecessor-version":[{"id":172,"href":"https:\/\/la-curie.org\/index.php?rest_route=\/wp\/v2\/pages\/169\/revisions\/172"}],"wp:attachment":[{"href":"https:\/\/la-curie.org\/index.php?rest_route=%2Fwp%2Fv2%2Fmedia&parent=169"}],"curies":[{"name":"wp","href":"https:\/\/api.w.org\/{rel}","templated":true}]}}