{"id":193,"date":"2020-05-04T16:57:25","date_gmt":"2020-05-04T16:57:25","guid":{"rendered":"https:\/\/la-curie.org\/?page_id=193"},"modified":"2020-05-04T18:29:39","modified_gmt":"2020-05-04T18:29:39","slug":"compagnie-le-veilleur-barmanes","status":"publish","type":"page","link":"https:\/\/la-curie.org\/?page_id=193","title":{"rendered":"Compagnie Le Veilleur &#8211; Barmanes"},"content":{"rendered":"<p><strong>\u00c9criture et jeu : Marion Bouquet<\/strong><br \/>\n<strong>Collaboration artistique et dramaturgie: Giuseppina Comito<\/strong><br \/>\n<strong>Production : Compagnie Le Veilleur<\/strong><\/p>\n<p><img loading=\"lazy\" decoding=\"async\" class=\"alignnone wp-image-194\" src=\"https:\/\/la-curie.org\/wp-content\/uploads\/2020\/05\/Barmanes-min-300x200.jpg\" alt=\"\" width=\"457\" height=\"304\" srcset=\"https:\/\/la-curie.org\/wp-content\/uploads\/2020\/05\/Barmanes-min-300x200.jpg 300w, https:\/\/la-curie.org\/wp-content\/uploads\/2020\/05\/Barmanes-min-1024x683.jpg 1024w, https:\/\/la-curie.org\/wp-content\/uploads\/2020\/05\/Barmanes-min-768x512.jpg 768w, https:\/\/la-curie.org\/wp-content\/uploads\/2020\/05\/Barmanes-min-1536x1024.jpg 1536w, https:\/\/la-curie.org\/wp-content\/uploads\/2020\/05\/Barmanes-min-2048x1365.jpg 2048w\" sizes=\"(max-width: 457px) 100vw, 457px\" \/><\/p>\n<p>Photo : Alexis Lienard<\/p>\n<p>*Barmanes (nos corps parlent parfois pour nous) *est un documentaire-fiction initi\u00e9 par Marion Bouquet qui m\u00eale l\u2019\u00e9criture fictionnelle de l\u2019autrice \u00e0 des t\u00e9moignages de femmes de 18 \u00e0 35 ans travaillant dans le milieu de la restauration \u00e0 Paris. Le projet parle du quotidien de plusieurs barmaids en r\u00e9alisant un parall\u00e8le vertigineux avec l\u2019intimit\u00e9 de ces femmes. Avec les moyens de la po\u00e9sie et du texte dramatique, elle traque les diff\u00e9rents malaises qui s\u2019invitent dans nos relations. La dramaturgie suit la piste d\u00e9cousue des conversations de comptoir.\u00a0\u00bb<\/p>\n<p><a href=\"http:\/\/www.leveilleur.eu\">Site de la compagnie<\/a><\/p>\n<p><strong><em>En r\u00e9sidence \u00e0 la Curie: en f\u00e9vrier 2020<\/em><\/strong><\/p>\n","protected":false},"excerpt":{"rendered":"<p>\u00c9criture et jeu : Marion Bouquet Collaboration artistique et dramaturgie: Giuseppina Comito Production : Compagnie Le Veilleur Photo : Alexis Lienard *Barmanes (nos corps parlent parfois pour nous) *est un documentaire-fiction initi\u00e9 par Marion Bouquet qui m\u00eale l\u2019\u00e9criture fictionnelle de l\u2019autrice \u00e0 des t\u00e9moignages de femmes de 18 \u00e0 35 ans travaillant dans le milieu &hellip; <\/p>\n<p class=\"link-more\"><a href=\"https:\/\/la-curie.org\/?page_id=193\" class=\"more-link\">Continuer la lecture<span class=\"screen-reader-text\"> de &laquo;&nbsp;Compagnie Le Veilleur &#8211; Barmanes&nbsp;&raquo;<\/span><\/a><\/p>\n","protected":false},"author":1,"featured_media":0,"parent":0,"menu_order":0,"comment_status":"closed","ping_status":"closed","template":"","meta":{"footnotes":""},"_links":{"self":[{"href":"https:\/\/la-curie.org\/index.php?rest_route=\/wp\/v2\/pages\/193"}],"collection":[{"href":"https:\/\/la-curie.org\/index.php?rest_route=\/wp\/v2\/pages"}],"about":[{"href":"https:\/\/la-curie.org\/index.php?rest_route=\/wp\/v2\/types\/page"}],"author":[{"embeddable":true,"href":"https:\/\/la-curie.org\/index.php?rest_route=\/wp\/v2\/users\/1"}],"replies":[{"embeddable":true,"href":"https:\/\/la-curie.org\/index.php?rest_route=%2Fwp%2Fv2%2Fcomments&post=193"}],"version-history":[{"count":7,"href":"https:\/\/la-curie.org\/index.php?rest_route=\/wp\/v2\/pages\/193\/revisions"}],"predecessor-version":[{"id":210,"href":"https:\/\/la-curie.org\/index.php?rest_route=\/wp\/v2\/pages\/193\/revisions\/210"}],"wp:attachment":[{"href":"https:\/\/la-curie.org\/index.php?rest_route=%2Fwp%2Fv2%2Fmedia&parent=193"}],"curies":[{"name":"wp","href":"https:\/\/api.w.org\/{rel}","templated":true}]}}