{"id":6,"date":"2020-05-02T14:20:35","date_gmt":"2020-05-02T14:20:35","guid":{"rendered":"https:\/\/la-curie.org\/?page_id=6"},"modified":"2020-05-02T15:13:31","modified_gmt":"2020-05-02T15:13:31","slug":"the-new-umoma-opens-its-doors-2","status":"publish","type":"page","link":"https:\/\/la-curie.org\/","title":{"rendered":""},"content":{"rendered":"<p style=\"text-align: center;\">La Curie est un lieu de cr\u00e9ation qui a vocation \u00e0 d\u00e9fendre l\u2019exp\u00e9rimentation pluridisciplinaire, dramatique, litt\u00e9raire, musicale et chor\u00e9graphique.<\/p>\n","protected":false},"excerpt":{"rendered":"<p>La Curie est un lieu de cr\u00e9ation qui a vocation \u00e0 d\u00e9fendre l\u2019exp\u00e9rimentation pluridisciplinaire, dramatique, litt\u00e9raire, musicale et chor\u00e9graphique.<\/p>\n","protected":false},"author":1,"featured_media":0,"parent":0,"menu_order":0,"comment_status":"closed","ping_status":"closed","template":"","meta":{"footnotes":""},"_links":{"self":[{"href":"https:\/\/la-curie.org\/index.php?rest_route=\/wp\/v2\/pages\/6"}],"collection":[{"href":"https:\/\/la-curie.org\/index.php?rest_route=\/wp\/v2\/pages"}],"about":[{"href":"https:\/\/la-curie.org\/index.php?rest_route=\/wp\/v2\/types\/page"}],"author":[{"embeddable":true,"href":"https:\/\/la-curie.org\/index.php?rest_route=\/wp\/v2\/users\/1"}],"replies":[{"embeddable":true,"href":"https:\/\/la-curie.org\/index.php?rest_route=%2Fwp%2Fv2%2Fcomments&post=6"}],"version-history":[{"count":7,"href":"https:\/\/la-curie.org\/index.php?rest_route=\/wp\/v2\/pages\/6\/revisions"}],"predecessor-version":[{"id":58,"href":"https:\/\/la-curie.org\/index.php?rest_route=\/wp\/v2\/pages\/6\/revisions\/58"}],"wp:attachment":[{"href":"https:\/\/la-curie.org\/index.php?rest_route=%2Fwp%2Fv2%2Fmedia&parent=6"}],"curies":[{"name":"wp","href":"https:\/\/api.w.org\/{rel}","templated":true}]}}