{"id":85,"date":"2020-05-02T16:32:27","date_gmt":"2020-05-02T16:32:27","guid":{"rendered":"https:\/\/la-curie.org\/?page_id=85"},"modified":"2020-05-04T10:52:03","modified_gmt":"2020-05-04T10:52:03","slug":"flavien-bellec","status":"publish","type":"page","link":"https:\/\/la-curie.org\/?page_id=85","title":{"rendered":"Compagnie Frenhofer &#8211; Flavien one man show exp\u00e9rimental"},"content":{"rendered":"<p><strong>De et avec : Flavien<br \/>\nConception : Flavien Bellec, \u00c9tienne Blanc<br \/>\nEffet sp\u00e9cial : Delphine Cerf<br \/>\nAdministration, production, diffusion : Agathe Perrault<\/strong><\/p>\n<p><img loading=\"lazy\" decoding=\"async\" class=\" wp-image-132\" src=\"https:\/\/la-curie.org\/wp-content\/uploads\/2020\/05\/IMG_20190522_191241-300x225.jpg\" alt=\"\" width=\"404\" height=\"304\" srcset=\"https:\/\/la-curie.org\/wp-content\/uploads\/2020\/05\/IMG_20190522_191241-300x225.jpg 300w, https:\/\/la-curie.org\/wp-content\/uploads\/2020\/05\/IMG_20190522_191241-1024x768.jpg 1024w, https:\/\/la-curie.org\/wp-content\/uploads\/2020\/05\/IMG_20190522_191241-768x576.jpg 768w, https:\/\/la-curie.org\/wp-content\/uploads\/2020\/05\/IMG_20190522_191241-1536x1152.jpg 1536w, https:\/\/la-curie.org\/wp-content\/uploads\/2020\/05\/IMG_20190522_191241-2048x1536.jpg 2048w\" sizes=\"(max-width: 404px) 100vw, 404px\" \/><\/p>\n<p>Un homme, FLAVIEN, d\u00e9cide de faire un spectacle sur lui. Pudique, il ne cesse d\u2019\u00e9viter le face \u00e0 face, terrible, avec l\u2019autre, le spectateur.<br \/>\nDans une succession de performances anti-spectaculaires, FLAVIEN tente de donner une repr\u00e9sentation id\u00e9alis\u00e9e de lui-m\u00eame. Une entreprise narcissique impossible qui voit affluer, en miettes et fragments, des souvenirs d\u2019enfances et des fantasmes obscurs, dans un spectacle qui prend peu \u00e0 peu la forme d\u2019un n\u2019importe quoi po\u00e9tique.<br \/>\nLa sc\u00e8ne devient alors le th\u00e9\u00e2tre d\u2019une lutte \u00e9trange entre FLAVIEN et sa propre repr\u00e9sentation, jusqu\u2019\u00e0 devenir le cimeti\u00e8re de ses identit\u00e9s.<\/p>\n<p><strong><em>En r\u00e9sidence \u00e0 la Curie en novembre 2018, mai 2019 et f\u00e9vrier 2020.<\/em><\/strong><\/p>\n","protected":false},"excerpt":{"rendered":"<p>De et avec : Flavien Conception : Flavien Bellec, \u00c9tienne Blanc Effet sp\u00e9cial : Delphine Cerf Administration, production, diffusion : Agathe Perrault Un homme, FLAVIEN, d\u00e9cide de faire un spectacle sur lui. Pudique, il ne cesse d\u2019\u00e9viter le face \u00e0 face, terrible, avec l\u2019autre, le spectateur. Dans une succession de performances anti-spectaculaires, FLAVIEN tente de &hellip; <\/p>\n<p class=\"link-more\"><a href=\"https:\/\/la-curie.org\/?page_id=85\" class=\"more-link\">Continuer la lecture<span class=\"screen-reader-text\"> de &laquo;&nbsp;Compagnie Frenhofer &#8211; Flavien one man show exp\u00e9rimental&nbsp;&raquo;<\/span><\/a><\/p>\n","protected":false},"author":1,"featured_media":0,"parent":0,"menu_order":0,"comment_status":"closed","ping_status":"closed","template":"","meta":{"footnotes":""},"_links":{"self":[{"href":"https:\/\/la-curie.org\/index.php?rest_route=\/wp\/v2\/pages\/85"}],"collection":[{"href":"https:\/\/la-curie.org\/index.php?rest_route=\/wp\/v2\/pages"}],"about":[{"href":"https:\/\/la-curie.org\/index.php?rest_route=\/wp\/v2\/types\/page"}],"author":[{"embeddable":true,"href":"https:\/\/la-curie.org\/index.php?rest_route=\/wp\/v2\/users\/1"}],"replies":[{"embeddable":true,"href":"https:\/\/la-curie.org\/index.php?rest_route=%2Fwp%2Fv2%2Fcomments&post=85"}],"version-history":[{"count":6,"href":"https:\/\/la-curie.org\/index.php?rest_route=\/wp\/v2\/pages\/85\/revisions"}],"predecessor-version":[{"id":136,"href":"https:\/\/la-curie.org\/index.php?rest_route=\/wp\/v2\/pages\/85\/revisions\/136"}],"wp:attachment":[{"href":"https:\/\/la-curie.org\/index.php?rest_route=%2Fwp%2Fv2%2Fmedia&parent=85"}],"curies":[{"name":"wp","href":"https:\/\/api.w.org\/{rel}","templated":true}]}}