{"id":86,"date":"2020-05-02T16:32:27","date_gmt":"2020-05-02T16:32:27","guid":{"rendered":"https:\/\/la-curie.org\/?page_id=86"},"modified":"2021-09-18T11:19:12","modified_gmt":"2021-09-18T11:19:12","slug":"maroussia-pourpoint","status":"publish","type":"page","link":"https:\/\/la-curie.org\/?page_id=86","title":{"rendered":"Maroussia Pourpoint &#8211; La Dame aux chiffons"},"content":{"rendered":"<p><strong>Performance artistique alliant conte et design<\/strong><br \/>\n<strong>Maroussia Pourpoint<\/strong><\/p>\n<p><img loading=\"lazy\" decoding=\"async\" class=\"alignnone wp-image-138\" src=\"https:\/\/la-curie.org\/wp-content\/uploads\/2020\/05\/La-dame-aux-chiffons-198x300.png\" alt=\"\" width=\"295\" height=\"447\" srcset=\"https:\/\/la-curie.org\/wp-content\/uploads\/2020\/05\/La-dame-aux-chiffons-198x300.png 198w, https:\/\/la-curie.org\/wp-content\/uploads\/2020\/05\/La-dame-aux-chiffons-677x1024.png 677w, https:\/\/la-curie.org\/wp-content\/uploads\/2020\/05\/La-dame-aux-chiffons-768x1162.png 768w, https:\/\/la-curie.org\/wp-content\/uploads\/2020\/05\/La-dame-aux-chiffons-1016x1536.png 1016w, https:\/\/la-curie.org\/wp-content\/uploads\/2020\/05\/La-dame-aux-chiffons.png 1212w\" sizes=\"(max-width: 295px) 100vw, 295px\" \/><\/p>\n<p>La Dame aux chiffons est un seul en sc\u00e8ne inspir\u00e9 des<br \/>\ncontes cr\u00e9oles, cr\u00e9\u00e9 lors d\u2019une r\u00e9sidence en Martinique<br \/>\nd\u2019avril \u00e0 juin 2019. Il retrace l\u2019\u00e9pop\u00e9e de ma grand-m\u00e8re<br \/>\nPerp\u00e9tue Jeanne-Marie Pourpoint, de sa naissance en<br \/>\nMartinique \u00e0 son arriv\u00e9e en France, durant les ann\u00e9es 60,<br \/>\navec le BUMIDOM ( Bureau pour le d\u00e9veloppement des<br \/>\nmigrations dans les d\u00e9partements d\u2019outre-mer).<\/p>\n<p><strong><em>En r\u00e9sidence \u00e0 la Curie en d\u00e9cembre 2019.<\/em><\/strong><\/p>\n","protected":false},"excerpt":{"rendered":"<p>Performance artistique alliant conte et design Maroussia Pourpoint La Dame aux chiffons est un seul en sc\u00e8ne inspir\u00e9 des contes cr\u00e9oles, cr\u00e9\u00e9 lors d\u2019une r\u00e9sidence en Martinique d\u2019avril \u00e0 juin 2019. Il retrace l\u2019\u00e9pop\u00e9e de ma grand-m\u00e8re Perp\u00e9tue Jeanne-Marie Pourpoint, de sa naissance en Martinique \u00e0 son arriv\u00e9e en France, durant les ann\u00e9es 60, avec &hellip; <\/p>\n<p class=\"link-more\"><a href=\"https:\/\/la-curie.org\/?page_id=86\" class=\"more-link\">Continuer la lecture<span class=\"screen-reader-text\"> de &laquo;&nbsp;Maroussia Pourpoint &#8211; La Dame aux chiffons&nbsp;&raquo;<\/span><\/a><\/p>\n","protected":false},"author":1,"featured_media":0,"parent":0,"menu_order":0,"comment_status":"closed","ping_status":"closed","template":"","meta":{"footnotes":""},"_links":{"self":[{"href":"https:\/\/la-curie.org\/index.php?rest_route=\/wp\/v2\/pages\/86"}],"collection":[{"href":"https:\/\/la-curie.org\/index.php?rest_route=\/wp\/v2\/pages"}],"about":[{"href":"https:\/\/la-curie.org\/index.php?rest_route=\/wp\/v2\/types\/page"}],"author":[{"embeddable":true,"href":"https:\/\/la-curie.org\/index.php?rest_route=\/wp\/v2\/users\/1"}],"replies":[{"embeddable":true,"href":"https:\/\/la-curie.org\/index.php?rest_route=%2Fwp%2Fv2%2Fcomments&post=86"}],"version-history":[{"count":4,"href":"https:\/\/la-curie.org\/index.php?rest_route=\/wp\/v2\/pages\/86\/revisions"}],"predecessor-version":[{"id":245,"href":"https:\/\/la-curie.org\/index.php?rest_route=\/wp\/v2\/pages\/86\/revisions\/245"}],"wp:attachment":[{"href":"https:\/\/la-curie.org\/index.php?rest_route=%2Fwp%2Fv2%2Fmedia&parent=86"}],"curies":[{"name":"wp","href":"https:\/\/api.w.org\/{rel}","templated":true}]}}