{"id":95,"date":"2020-05-02T17:13:41","date_gmt":"2020-05-02T17:13:41","guid":{"rendered":"https:\/\/la-curie.org\/?page_id=95"},"modified":"2020-05-05T16:36:04","modified_gmt":"2020-05-05T16:36:04","slug":"presentation","status":"publish","type":"page","link":"https:\/\/la-curie.org\/?page_id=95","title":{"rendered":"Pr\u00e9sentation"},"content":{"rendered":"<p>Nous avons cr\u00e9\u00e9 La Curie en janvier 2019 dans une ancienne salle de r\u00e9p\u00e9tition o\u00f9 travaillaient perroquets et trap\u00e9ziste, dans un ancien garage automobile si on remonte un peu plus loin. Le tout en Seine St Denis, \u00e0 La Courneuve, avec ses autoroutes, ses barres, et ses rues pavillonnaires.<\/p>\n<p>L&rsquo;envie de cr\u00e9er la Curie s&rsquo;est fond\u00e9e sur plusieurs constats : le manque de liens entre des gens pourtant g\u00e9ographiquement proches, le manque de lieux de discussion de la chose publique, le manque de lieux de cr\u00e9ation financi\u00e8rement abordables malgr\u00e9 l\u2019abondance num\u00e9raire en \u00cele de France.<\/p>\n<p>Nous voulons des rencontres !<\/p>\n<p>Que nous rencontrions les artistes de mani\u00e8re moins superficielle que lors d\u2019un \u00e9change de cl\u00e9s.<\/p>\n<p>Que les artistes qui viennent y travailler rencontrent nos voisin.e.s.<\/p>\n<p>Que nos voisin.e.s &#8211; de la rue Pierre Curie, de l\u2019impasse des Abeilles, du passage Pierre Curie, de la rue Jollois, etc. &#8211; \u00a0s\u2019approprient le lieu.<\/p>\n<p>Loin d\u2019une utopie, nous voulons que ce lieu existe r\u00e9ellement, qu&rsquo;il soit l&rsquo;endroit de \u00ab\u00a0r\u00e9unions de gens\u00a0\u00bb avec les d\u00e9fauts qu\u2019il ne manque pas d\u2019avoir. Car nous n\u2019avons pas le temps de faire tout ce que nous voudrions, car nous perdons parfois nos cl\u00e9s,\u00a0car nous nous y prenons toujours un peu tard pour mettre des mots dans les bo\u00eetes aux lettres, car nous ne ma\u00eetrisons pas non plus les arcanes de la communication sur les r\u00e9seaux sociaux.<\/p>\n<p>Id\u00e9alement tout de m\u00eame, la Curie ne sera pas une salle de r\u00e9p\u00e9tition de plus, mais un lieu dans lequel on vient en prenant acte de ces particularit\u00e9s. Nous n\u2019avons pas vocation \u00e0 devenir un lieu reconnu par les institutions publiques, car nous ne voulons pas r\u00e9pondre \u00e0 un cahier des charges ou \u00e0 une commande. De ce fait, nos moyens &#8211; techniques, financiers, humains &#8211; resteront circonscrits. Nous revendiquons un fonctionnement ouvert \u00e0 la fluidit\u00e9 et \u00e0 la red\u00e9finition ininterrompue. Jusqu\u2019\u00e0 maintenant, la Curie s\u2019est nourrie de r\u00e9sidences artistiques, de projections de films, de d\u00e9bats, de barbecues, de performances chor\u00e9graphiques, de go\u00fbters, qui sait de quoi elle se nourrira demain ?!<\/p>\n","protected":false},"excerpt":{"rendered":"<p>Nous avons cr\u00e9\u00e9 La Curie en janvier 2019 dans une ancienne salle de r\u00e9p\u00e9tition o\u00f9 travaillaient perroquets et trap\u00e9ziste, dans un ancien garage automobile si on remonte un peu plus loin. Le tout en Seine St Denis, \u00e0 La Courneuve, avec ses autoroutes, ses barres, et ses rues pavillonnaires. L&rsquo;envie de cr\u00e9er la Curie s&rsquo;est &hellip; <\/p>\n<p class=\"link-more\"><a href=\"https:\/\/la-curie.org\/?page_id=95\" class=\"more-link\">Continuer la lecture<span class=\"screen-reader-text\"> de &laquo;&nbsp;Pr\u00e9sentation&nbsp;&raquo;<\/span><\/a><\/p>\n","protected":false},"author":1,"featured_media":0,"parent":0,"menu_order":0,"comment_status":"closed","ping_status":"closed","template":"","meta":{"footnotes":""},"_links":{"self":[{"href":"https:\/\/la-curie.org\/index.php?rest_route=\/wp\/v2\/pages\/95"}],"collection":[{"href":"https:\/\/la-curie.org\/index.php?rest_route=\/wp\/v2\/pages"}],"about":[{"href":"https:\/\/la-curie.org\/index.php?rest_route=\/wp\/v2\/types\/page"}],"author":[{"embeddable":true,"href":"https:\/\/la-curie.org\/index.php?rest_route=\/wp\/v2\/users\/1"}],"replies":[{"embeddable":true,"href":"https:\/\/la-curie.org\/index.php?rest_route=%2Fwp%2Fv2%2Fcomments&post=95"}],"version-history":[{"count":6,"href":"https:\/\/la-curie.org\/index.php?rest_route=\/wp\/v2\/pages\/95\/revisions"}],"predecessor-version":[{"id":214,"href":"https:\/\/la-curie.org\/index.php?rest_route=\/wp\/v2\/pages\/95\/revisions\/214"}],"wp:attachment":[{"href":"https:\/\/la-curie.org\/index.php?rest_route=%2Fwp%2Fv2%2Fmedia&parent=95"}],"curies":[{"name":"wp","href":"https:\/\/api.w.org\/{rel}","templated":true}]}}